	 
{"id":7313,"date":"2024-02-20T00:25:27","date_gmt":"2024-02-20T00:25:27","guid":{"rendered":"https:\/\/flexdecor.al\/?post_type=product&#038;p=7313"},"modified":"2024-05-14T11:30:39","modified_gmt":"2024-05-14T11:30:39","slug":"panele-wave-aw-90-metal","status":"publish","type":"product","link":"https:\/\/flexdecor.al\/al\/produkt\/panele-wave-aw-90-metal\/","title":{"rendered":"Panele Wave | AW \u2013 90 Metal"},"content":{"rendered":"","protected":false},"excerpt":{"rendered":"<h3>3D Panels | Wave Panels<\/h3>\n<ul>\n<li>Kund\u00ebr ujit<\/li>\n<li>Kund\u00ebr zjarrit<\/li>\n<li>Kund\u00ebr bakterieve<\/li>\n<li>Leht\u00ebsisht t\u00eb montueshme<\/li>\n<li>Bashkim i paduksh\u00ebm n\u00eb montim (montim A+B)<\/li>\n<li>Material ekologjik<\/li>\n<\/ul>\n<p><img decoding=\"async\" class=\"alignnone wp-image-7995 size-medium\" src=\"https:\/\/flexdecor.al\/wp-content\/uploads\/2024\/03\/Asset-3-e1711061320180-300x68.png\" alt=\"\" width=\"300\" height=\"68\" srcset=\"https:\/\/flexdecor.al\/wp-content\/uploads\/2024\/03\/Asset-3-e1711061320180-300x68.png 300w, https:\/\/flexdecor.al\/wp-content\/uploads\/2024\/03\/Asset-3-e1711061320180-768x173.png 768w, https:\/\/flexdecor.al\/wp-content\/uploads\/2024\/03\/Asset-3-e1711061320180.png 772w\" sizes=\"(max-width: 300px) 100vw, 300px\" \/><br \/>\n<button class=\"custom-btn\" type=\"button\" onclick=\"window.open('\/contact-us', '_blank')\">B\u00ebj nj\u00eb k\u00ebrkes\u00eb<\/button><\/p>","protected":false},"featured_media":7689,"template":"","meta":[],"product_brand":[],"product_cat":[66,114],"product_tag":[100],"class_list":{"0":"post-7313","1":"product","2":"type-product","3":"status-publish","4":"has-post-thumbnail","6":"product_cat-panele-3d","7":"product_cat-wave-panels","8":"product_tag-metal","10":"first","11":"instock","12":"shipping-taxable","13":"product-type-simple"},"yoast_head":"<!-- This site is optimized with the Yoast SEO plugin v27.4 - https:\/\/yoast.com\/product\/yoast-seo-wordpress\/ -->\n<title>Wave Panels | AW - 90 Metal - FlexDecor<\/title>\n<meta name=\"robots\" content=\"index, follow, max-snippet:-1, max-image-preview:large, max-video-preview:-1\" \/>\n<link rel=\"canonical\" href=\"http:\/\/flexdecor.al\/al\/produkt\/panele-wave-aw-90-metal\/\" \/>\n<meta property=\"og:locale\" content=\"sq_AL\" \/>\n<meta property=\"og:type\" content=\"article\" \/>\n<meta property=\"og:title\" content=\"Wave Panels | AW - 90 Metal - FlexDecor\" \/>\n<meta property=\"og:description\" content=\"3D Panels | Wave Panels   Waterproof  Anti-fire  Against bacteria  Easily assembled  Invisible joint in assembly (A+B assembly)  Ecological material   Inquiry Now\" \/>\n<meta property=\"og:url\" content=\"http:\/\/flexdecor.al\/al\/produkt\/panele-wave-aw-90-metal\/\" \/>\n<meta property=\"og:site_name\" content=\"FlexDecor\" \/>\n<meta property=\"article:modified_time\" content=\"2024-05-14T11:30:39+00:00\" \/>\n<meta property=\"og:image\" content=\"https:\/\/flexdecor.al\/wp-content\/uploads\/2024\/02\/DSC06925-Edit-scaled.jpg\" \/>\n\t<meta property=\"og:image:width\" content=\"2560\" \/>\n\t<meta property=\"og:image:height\" content=\"2048\" \/>\n\t<meta property=\"og:image:type\" content=\"image\/jpeg\" \/>\n<meta name=\"twitter:card\" content=\"summary_large_image\" \/>\n<script type=\"application\/ld+json\" class=\"yoast-schema-graph\">{\"@context\":\"https:\\\/\\\/schema.org\",\"@graph\":[{\"@type\":\"WebPage\",\"@id\":\"http:\\\/\\\/flexdecor.al\\\/al\\\/produkt\\\/panele-wave-aw-90-metal\\\/\",\"url\":\"http:\\\/\\\/flexdecor.al\\\/al\\\/produkt\\\/panele-wave-aw-90-metal\\\/\",\"name\":\"Wave Panels | AW - 90 Metal - FlexDecor\",\"isPartOf\":{\"@id\":\"https:\\\/\\\/flexdecor.al\\\/al\\\/#website\"},\"primaryImageOfPage\":{\"@id\":\"http:\\\/\\\/flexdecor.al\\\/al\\\/produkt\\\/panele-wave-aw-90-metal\\\/#primaryimage\"},\"image\":{\"@id\":\"http:\\\/\\\/flexdecor.al\\\/al\\\/produkt\\\/panele-wave-aw-90-metal\\\/#primaryimage\"},\"thumbnailUrl\":\"https:\\\/\\\/flexdecor.al\\\/wp-content\\\/uploads\\\/2024\\\/02\\\/DSC06925-Edit-scaled.jpg\",\"datePublished\":\"2024-02-20T00:25:27+00:00\",\"dateModified\":\"2024-05-14T11:30:39+00:00\",\"breadcrumb\":{\"@id\":\"http:\\\/\\\/flexdecor.al\\\/al\\\/produkt\\\/panele-wave-aw-90-metal\\\/#breadcrumb\"},\"inLanguage\":\"sq\",\"potentialAction\":[{\"@type\":\"ReadAction\",\"target\":[\"http:\\\/\\\/flexdecor.al\\\/al\\\/produkt\\\/panele-wave-aw-90-metal\\\/\"]}]},{\"@type\":\"ImageObject\",\"inLanguage\":\"sq\",\"@id\":\"http:\\\/\\\/flexdecor.al\\\/al\\\/produkt\\\/panele-wave-aw-90-metal\\\/#primaryimage\",\"url\":\"https:\\\/\\\/flexdecor.al\\\/wp-content\\\/uploads\\\/2024\\\/02\\\/DSC06925-Edit-scaled.jpg\",\"contentUrl\":\"https:\\\/\\\/flexdecor.al\\\/wp-content\\\/uploads\\\/2024\\\/02\\\/DSC06925-Edit-scaled.jpg\",\"width\":2560,\"height\":2048},{\"@type\":\"BreadcrumbList\",\"@id\":\"http:\\\/\\\/flexdecor.al\\\/al\\\/produkt\\\/panele-wave-aw-90-metal\\\/#breadcrumb\",\"itemListElement\":[{\"@type\":\"ListItem\",\"position\":1,\"name\":\"Home\",\"item\":\"https:\\\/\\\/flexdecor.al\\\/al\\\/\"},{\"@type\":\"ListItem\",\"position\":2,\"name\":\"Shop\",\"item\":\"https:\\\/\\\/flexdecor.al\\\/al\\\/shop-2\\\/\"},{\"@type\":\"ListItem\",\"position\":3,\"name\":\"Wave Panels | AW &#8211; 90 Metal\"}]},{\"@type\":\"WebSite\",\"@id\":\"https:\\\/\\\/flexdecor.al\\\/al\\\/#website\",\"url\":\"https:\\\/\\\/flexdecor.al\\\/al\\\/\",\"name\":\"FlexDecor\",\"description\":\"\",\"potentialAction\":[{\"@type\":\"SearchAction\",\"target\":{\"@type\":\"EntryPoint\",\"urlTemplate\":\"https:\\\/\\\/flexdecor.al\\\/al\\\/?s={search_term_string}\"},\"query-input\":{\"@type\":\"PropertyValueSpecification\",\"valueRequired\":true,\"valueName\":\"search_term_string\"}}],\"inLanguage\":\"sq\"}]}<\/script>\n<!-- \/ Yoast SEO plugin. -->","yoast_head_json":{"title":"Wave Panels | AW - 90 Metal - FlexDecor","robots":{"index":"index","follow":"follow","max-snippet":"max-snippet:-1","max-image-preview":"max-image-preview:large","max-video-preview":"max-video-preview:-1"},"canonical":"http:\/\/flexdecor.al\/al\/produkt\/panele-wave-aw-90-metal\/","og_locale":"sq_AL","og_type":"article","og_title":"Wave Panels | AW - 90 Metal - FlexDecor","og_description":"3D Panels | Wave Panels   Waterproof  Anti-fire  Against bacteria  Easily assembled  Invisible joint in assembly (A+B assembly)  Ecological material   Inquiry Now","og_url":"http:\/\/flexdecor.al\/al\/produkt\/panele-wave-aw-90-metal\/","og_site_name":"FlexDecor","article_modified_time":"2024-05-14T11:30:39+00:00","og_image":[{"width":2560,"height":2048,"url":"https:\/\/flexdecor.al\/wp-content\/uploads\/2024\/02\/DSC06925-Edit-scaled.jpg","type":"image\/jpeg"}],"twitter_card":"summary_large_image","schema":{"@context":"https:\/\/schema.org","@graph":[{"@type":"WebPage","@id":"http:\/\/flexdecor.al\/al\/produkt\/panele-wave-aw-90-metal\/","url":"http:\/\/flexdecor.al\/al\/produkt\/panele-wave-aw-90-metal\/","name":"Wave Panels | AW - 90 Metal - FlexDecor","isPartOf":{"@id":"https:\/\/flexdecor.al\/al\/#website"},"primaryImageOfPage":{"@id":"http:\/\/flexdecor.al\/al\/produkt\/panele-wave-aw-90-metal\/#primaryimage"},"image":{"@id":"http:\/\/flexdecor.al\/al\/produkt\/panele-wave-aw-90-metal\/#primaryimage"},"thumbnailUrl":"https:\/\/flexdecor.al\/wp-content\/uploads\/2024\/02\/DSC06925-Edit-scaled.jpg","datePublished":"2024-02-20T00:25:27+00:00","dateModified":"2024-05-14T11:30:39+00:00","breadcrumb":{"@id":"http:\/\/flexdecor.al\/al\/produkt\/panele-wave-aw-90-metal\/#breadcrumb"},"inLanguage":"sq","potentialAction":[{"@type":"ReadAction","target":["http:\/\/flexdecor.al\/al\/produkt\/panele-wave-aw-90-metal\/"]}]},{"@type":"ImageObject","inLanguage":"sq","@id":"http:\/\/flexdecor.al\/al\/produkt\/panele-wave-aw-90-metal\/#primaryimage","url":"https:\/\/flexdecor.al\/wp-content\/uploads\/2024\/02\/DSC06925-Edit-scaled.jpg","contentUrl":"https:\/\/flexdecor.al\/wp-content\/uploads\/2024\/02\/DSC06925-Edit-scaled.jpg","width":2560,"height":2048},{"@type":"BreadcrumbList","@id":"http:\/\/flexdecor.al\/al\/produkt\/panele-wave-aw-90-metal\/#breadcrumb","itemListElement":[{"@type":"ListItem","position":1,"name":"Home","item":"https:\/\/flexdecor.al\/al\/"},{"@type":"ListItem","position":2,"name":"Shop","item":"https:\/\/flexdecor.al\/al\/shop-2\/"},{"@type":"ListItem","position":3,"name":"Wave Panels | AW &#8211; 90 Metal"}]},{"@type":"WebSite","@id":"https:\/\/flexdecor.al\/al\/#website","url":"https:\/\/flexdecor.al\/al\/","name":"FlexDecor","description":"","potentialAction":[{"@type":"SearchAction","target":{"@type":"EntryPoint","urlTemplate":"https:\/\/flexdecor.al\/al\/?s={search_term_string}"},"query-input":{"@type":"PropertyValueSpecification","valueRequired":true,"valueName":"search_term_string"}}],"inLanguage":"sq"}]}},"_links":{"self":[{"href":"https:\/\/flexdecor.al\/al\/wp-json\/wp\/v2\/product\/7313","targetHints":{"allow":["GET"]}}],"collection":[{"href":"https:\/\/flexdecor.al\/al\/wp-json\/wp\/v2\/product"}],"about":[{"href":"https:\/\/flexdecor.al\/al\/wp-json\/wp\/v2\/types\/product"}],"wp:featuredmedia":[{"embeddable":true,"href":"https:\/\/flexdecor.al\/al\/wp-json\/wp\/v2\/media\/7689"}],"wp:attachment":[{"href":"https:\/\/flexdecor.al\/al\/wp-json\/wp\/v2\/media?parent=7313"}],"wp:term":[{"taxonomy":"product_brand","embeddable":true,"href":"https:\/\/flexdecor.al\/al\/wp-json\/wp\/v2\/product_brand?post=7313"},{"taxonomy":"product_cat","embeddable":true,"href":"https:\/\/flexdecor.al\/al\/wp-json\/wp\/v2\/product_cat?post=7313"},{"taxonomy":"product_tag","embeddable":true,"href":"https:\/\/flexdecor.al\/al\/wp-json\/wp\/v2\/product_tag?post=7313"}],"curies":[{"name":"wp","href":"https:\/\/api.w.org\/{rel}","templated":true}]}}