	 
{"id":7308,"date":"2024-02-20T00:23:54","date_gmt":"2024-02-20T00:23:54","guid":{"rendered":"https:\/\/flexdecor.al\/?post_type=product&#038;p=7308"},"modified":"2024-05-14T11:30:45","modified_gmt":"2024-05-14T11:30:45","slug":"panele-ps-ps-224-black-wood","status":"publish","type":"product","link":"https:\/\/flexdecor.al\/al\/produkt\/panele-ps-ps-224-black-wood\/","title":{"rendered":"Panele PS | PS \u2013 224 Black &amp; Wood"},"content":{"rendered":"","protected":false},"excerpt":{"rendered":"<h3>3D Panels | PS Panels<\/h3>\n<ul>\n<li>Kunder ujit<\/li>\n<li>Kunder zjarrit<\/li>\n<li>Kunder bakterieve<\/li>\n<li>Lehtesisht te montueshme<\/li>\n<li>Bashkim i padukshem ne montim (montim A+B)<\/li>\n<li>Material ekologjik<\/li>\n<\/ul>\n<p><img decoding=\"async\" class=\"alignnone wp-image-7994 size-medium\" src=\"https:\/\/flexdecor.al\/wp-content\/uploads\/2024\/03\/Asset-3-2-e1711061303398-300x86.png\" alt=\"\" width=\"300\" height=\"86\" srcset=\"https:\/\/flexdecor.al\/wp-content\/uploads\/2024\/03\/Asset-3-2-e1711061303398-300x86.png 300w, https:\/\/flexdecor.al\/wp-content\/uploads\/2024\/03\/Asset-3-2-e1711061303398.png 504w\" sizes=\"(max-width: 300px) 100vw, 300px\" \/><br \/>\n<button class=\"custom-btn\" type=\"button\" onclick=\"window.open('\/contact-us', '_blank')\">B\u00ebj nj\u00eb k\u00ebrkes\u00eb<\/button><\/p>","protected":false},"featured_media":7688,"template":"","meta":[],"product_brand":[],"product_cat":[66,115],"product_tag":[94,93],"class_list":{"0":"post-7308","1":"product","2":"type-product","3":"status-publish","4":"has-post-thumbnail","6":"product_cat-panele-3d","7":"product_cat-ps-panels","8":"product_tag-black","9":"product_tag-wood","11":"first","12":"instock","13":"shipping-taxable","14":"product-type-simple"},"yoast_head":"<!-- This site is optimized with the Yoast SEO plugin v27.4 - https:\/\/yoast.com\/product\/yoast-seo-wordpress\/ -->\n<title>PS Panels | PS - 224 Black &amp; Wood - FlexDecor<\/title>\n<meta name=\"robots\" content=\"index, follow, max-snippet:-1, max-image-preview:large, max-video-preview:-1\" \/>\n<link rel=\"canonical\" href=\"https:\/\/flexdecor.al\/al\/produkt\/panele-ps-ps-224-black-wood\/\" \/>\n<meta property=\"og:locale\" content=\"sq_AL\" \/>\n<meta property=\"og:type\" content=\"article\" \/>\n<meta property=\"og:title\" content=\"PS Panels | PS - 224 Black &amp; Wood - FlexDecor\" \/>\n<meta property=\"og:description\" content=\"3D Panels | PS Panels   Kunder ujit  Kunder zjarrit  Kunder bakterieve  Lehtesisht te montueshme  Bashkim i padukshem ne montim (montim A+B)  Material ekologjik   Inquiry Now\" \/>\n<meta property=\"og:url\" content=\"https:\/\/flexdecor.al\/al\/produkt\/panele-ps-ps-224-black-wood\/\" \/>\n<meta property=\"og:site_name\" content=\"FlexDecor\" \/>\n<meta property=\"article:modified_time\" content=\"2024-05-14T11:30:45+00:00\" \/>\n<meta property=\"og:image\" content=\"https:\/\/flexdecor.al\/wp-content\/uploads\/2024\/02\/DSC06915-Edit-scaled.jpg\" \/>\n\t<meta property=\"og:image:width\" content=\"2560\" \/>\n\t<meta property=\"og:image:height\" content=\"2048\" \/>\n\t<meta property=\"og:image:type\" content=\"image\/jpeg\" \/>\n<meta name=\"twitter:card\" content=\"summary_large_image\" \/>\n<script type=\"application\/ld+json\" class=\"yoast-schema-graph\">{\"@context\":\"https:\\\/\\\/schema.org\",\"@graph\":[{\"@type\":\"WebPage\",\"@id\":\"https:\\\/\\\/flexdecor.al\\\/al\\\/produkt\\\/panele-ps-ps-224-black-wood\\\/\",\"url\":\"https:\\\/\\\/flexdecor.al\\\/al\\\/produkt\\\/panele-ps-ps-224-black-wood\\\/\",\"name\":\"PS Panels | PS - 224 Black & Wood - FlexDecor\",\"isPartOf\":{\"@id\":\"https:\\\/\\\/flexdecor.al\\\/al\\\/#website\"},\"primaryImageOfPage\":{\"@id\":\"https:\\\/\\\/flexdecor.al\\\/al\\\/produkt\\\/panele-ps-ps-224-black-wood\\\/#primaryimage\"},\"image\":{\"@id\":\"https:\\\/\\\/flexdecor.al\\\/al\\\/produkt\\\/panele-ps-ps-224-black-wood\\\/#primaryimage\"},\"thumbnailUrl\":\"https:\\\/\\\/flexdecor.al\\\/wp-content\\\/uploads\\\/2024\\\/02\\\/DSC06915-Edit-scaled.jpg\",\"datePublished\":\"2024-02-20T00:23:54+00:00\",\"dateModified\":\"2024-05-14T11:30:45+00:00\",\"breadcrumb\":{\"@id\":\"https:\\\/\\\/flexdecor.al\\\/al\\\/produkt\\\/panele-ps-ps-224-black-wood\\\/#breadcrumb\"},\"inLanguage\":\"sq\",\"potentialAction\":[{\"@type\":\"ReadAction\",\"target\":[\"https:\\\/\\\/flexdecor.al\\\/al\\\/produkt\\\/panele-ps-ps-224-black-wood\\\/\"]}]},{\"@type\":\"ImageObject\",\"inLanguage\":\"sq\",\"@id\":\"https:\\\/\\\/flexdecor.al\\\/al\\\/produkt\\\/panele-ps-ps-224-black-wood\\\/#primaryimage\",\"url\":\"https:\\\/\\\/flexdecor.al\\\/wp-content\\\/uploads\\\/2024\\\/02\\\/DSC06915-Edit-scaled.jpg\",\"contentUrl\":\"https:\\\/\\\/flexdecor.al\\\/wp-content\\\/uploads\\\/2024\\\/02\\\/DSC06915-Edit-scaled.jpg\",\"width\":2560,\"height\":2048},{\"@type\":\"BreadcrumbList\",\"@id\":\"https:\\\/\\\/flexdecor.al\\\/al\\\/produkt\\\/panele-ps-ps-224-black-wood\\\/#breadcrumb\",\"itemListElement\":[{\"@type\":\"ListItem\",\"position\":1,\"name\":\"Home\",\"item\":\"https:\\\/\\\/flexdecor.al\\\/al\\\/\"},{\"@type\":\"ListItem\",\"position\":2,\"name\":\"Shop\",\"item\":\"https:\\\/\\\/flexdecor.al\\\/al\\\/shop-2\\\/\"},{\"@type\":\"ListItem\",\"position\":3,\"name\":\"PS Panels | PS &#8211; 224 Black &#038; Wood\"}]},{\"@type\":\"WebSite\",\"@id\":\"https:\\\/\\\/flexdecor.al\\\/al\\\/#website\",\"url\":\"https:\\\/\\\/flexdecor.al\\\/al\\\/\",\"name\":\"FlexDecor\",\"description\":\"\",\"potentialAction\":[{\"@type\":\"SearchAction\",\"target\":{\"@type\":\"EntryPoint\",\"urlTemplate\":\"https:\\\/\\\/flexdecor.al\\\/al\\\/?s={search_term_string}\"},\"query-input\":{\"@type\":\"PropertyValueSpecification\",\"valueRequired\":true,\"valueName\":\"search_term_string\"}}],\"inLanguage\":\"sq\"}]}<\/script>\n<!-- \/ Yoast SEO plugin. -->","yoast_head_json":{"title":"PS Panels | PS - 224 Black & Wood - FlexDecor","robots":{"index":"index","follow":"follow","max-snippet":"max-snippet:-1","max-image-preview":"max-image-preview:large","max-video-preview":"max-video-preview:-1"},"canonical":"https:\/\/flexdecor.al\/al\/produkt\/panele-ps-ps-224-black-wood\/","og_locale":"sq_AL","og_type":"article","og_title":"PS Panels | PS - 224 Black & Wood - FlexDecor","og_description":"3D Panels | PS Panels   Kunder ujit  Kunder zjarrit  Kunder bakterieve  Lehtesisht te montueshme  Bashkim i padukshem ne montim (montim A+B)  Material ekologjik   Inquiry Now","og_url":"https:\/\/flexdecor.al\/al\/produkt\/panele-ps-ps-224-black-wood\/","og_site_name":"FlexDecor","article_modified_time":"2024-05-14T11:30:45+00:00","og_image":[{"width":2560,"height":2048,"url":"https:\/\/flexdecor.al\/wp-content\/uploads\/2024\/02\/DSC06915-Edit-scaled.jpg","type":"image\/jpeg"}],"twitter_card":"summary_large_image","schema":{"@context":"https:\/\/schema.org","@graph":[{"@type":"WebPage","@id":"https:\/\/flexdecor.al\/al\/produkt\/panele-ps-ps-224-black-wood\/","url":"https:\/\/flexdecor.al\/al\/produkt\/panele-ps-ps-224-black-wood\/","name":"PS Panels | PS - 224 Black & Wood - FlexDecor","isPartOf":{"@id":"https:\/\/flexdecor.al\/al\/#website"},"primaryImageOfPage":{"@id":"https:\/\/flexdecor.al\/al\/produkt\/panele-ps-ps-224-black-wood\/#primaryimage"},"image":{"@id":"https:\/\/flexdecor.al\/al\/produkt\/panele-ps-ps-224-black-wood\/#primaryimage"},"thumbnailUrl":"https:\/\/flexdecor.al\/wp-content\/uploads\/2024\/02\/DSC06915-Edit-scaled.jpg","datePublished":"2024-02-20T00:23:54+00:00","dateModified":"2024-05-14T11:30:45+00:00","breadcrumb":{"@id":"https:\/\/flexdecor.al\/al\/produkt\/panele-ps-ps-224-black-wood\/#breadcrumb"},"inLanguage":"sq","potentialAction":[{"@type":"ReadAction","target":["https:\/\/flexdecor.al\/al\/produkt\/panele-ps-ps-224-black-wood\/"]}]},{"@type":"ImageObject","inLanguage":"sq","@id":"https:\/\/flexdecor.al\/al\/produkt\/panele-ps-ps-224-black-wood\/#primaryimage","url":"https:\/\/flexdecor.al\/wp-content\/uploads\/2024\/02\/DSC06915-Edit-scaled.jpg","contentUrl":"https:\/\/flexdecor.al\/wp-content\/uploads\/2024\/02\/DSC06915-Edit-scaled.jpg","width":2560,"height":2048},{"@type":"BreadcrumbList","@id":"https:\/\/flexdecor.al\/al\/produkt\/panele-ps-ps-224-black-wood\/#breadcrumb","itemListElement":[{"@type":"ListItem","position":1,"name":"Home","item":"https:\/\/flexdecor.al\/al\/"},{"@type":"ListItem","position":2,"name":"Shop","item":"https:\/\/flexdecor.al\/al\/shop-2\/"},{"@type":"ListItem","position":3,"name":"PS Panels | PS &#8211; 224 Black &#038; Wood"}]},{"@type":"WebSite","@id":"https:\/\/flexdecor.al\/al\/#website","url":"https:\/\/flexdecor.al\/al\/","name":"FlexDecor","description":"","potentialAction":[{"@type":"SearchAction","target":{"@type":"EntryPoint","urlTemplate":"https:\/\/flexdecor.al\/al\/?s={search_term_string}"},"query-input":{"@type":"PropertyValueSpecification","valueRequired":true,"valueName":"search_term_string"}}],"inLanguage":"sq"}]}},"_links":{"self":[{"href":"https:\/\/flexdecor.al\/al\/wp-json\/wp\/v2\/product\/7308","targetHints":{"allow":["GET"]}}],"collection":[{"href":"https:\/\/flexdecor.al\/al\/wp-json\/wp\/v2\/product"}],"about":[{"href":"https:\/\/flexdecor.al\/al\/wp-json\/wp\/v2\/types\/product"}],"wp:featuredmedia":[{"embeddable":true,"href":"https:\/\/flexdecor.al\/al\/wp-json\/wp\/v2\/media\/7688"}],"wp:attachment":[{"href":"https:\/\/flexdecor.al\/al\/wp-json\/wp\/v2\/media?parent=7308"}],"wp:term":[{"taxonomy":"product_brand","embeddable":true,"href":"https:\/\/flexdecor.al\/al\/wp-json\/wp\/v2\/product_brand?post=7308"},{"taxonomy":"product_cat","embeddable":true,"href":"https:\/\/flexdecor.al\/al\/wp-json\/wp\/v2\/product_cat?post=7308"},{"taxonomy":"product_tag","embeddable":true,"href":"https:\/\/flexdecor.al\/al\/wp-json\/wp\/v2\/product_tag?post=7308"}],"curies":[{"name":"wp","href":"https:\/\/api.w.org\/{rel}","templated":true}]}}